{"id":969,"date":"2025-10-05T07:53:25","date_gmt":"2025-10-05T07:53:25","guid":{"rendered":"https:\/\/dienantoanmd.com\/index.php\/san-pham\/thiet-bi-chong-soc-dien-cach-ly-1p-md-esafety-model-hmd-03-1p-dong-dinh-muc-63a-2\/"},"modified":"2025-12-30T09:40:21","modified_gmt":"2025-12-30T09:40:21","slug":"thiet-bi-chong-soc-dien-cach-ly-1p-md-esafety-model-hmd-03-1p-dong-dinh-muc-63a-2","status":"publish","type":"product","link":"https:\/\/dienantoanmd.com\/index.php\/san-pham\/thiet-bi-chong-soc-dien-cach-ly-1p-md-esafety-model-hmd-03-1p-dong-dinh-muc-63a-2\/","title":{"rendered":"Thi\u1ebft b\u1ecb ch\u1ed1ng s\u1ed1c \u0111i\u1ec7n c\u00e1ch ly 1P MD Esafety model HMD 03-1P d\u00f2ng \u0111\u1ecbnh m\u1ee9c 63A"},"content":{"rendered":"<p>Thi\u1ebft b\u1ecb ch\u1ed1ng s\u1ed1c \u0111i\u1ec7n c\u00e1ch MD Esafety model HMD 01 s\u1eed d\u1ee5ng cho h\u1ec7 th\u1ed1ng \u0111i\u1ec7n 1 pha, ph\u00f9 h\u1ee3p s\u1eed d\u1ee5ng cho gia \u0111\u00ecnh v\u00e0 h\u1ec7 th\u1ed1ng \u0111i\u1ec7n c\u00f4ng su\u1ea5t nh\u1ecf. C\u00f3 t\u00e1c d\u1ee5ng b\u1ea3o v\u1ec7 an to\u00e0n h\u1ec7 th\u1ed1ng \u0111i\u1ec7n, b\u1ea3o v\u1ec7 ng\u1eafn m\u1ea1ch, qu\u00e1 \u00e1p, th\u1ea5p \u00e1p, qu\u00e1 t\u1ea3i, ch\u1ed1ng gi\u1eadt \u0111i\u1ec7n, ch\u1ed1ng r\u00f2 r\u1ec9 \u0111i\u1ec7n trong m\u00f4i tr\u01b0\u1eddng n\u01b0\u1edbc.<\/p>\n<p>NGUY\u00caN L\u00dd HO\u1ea0T \u0110\u1ed8NG<br \/>\nNguy\u00ean l\u00fd ho\u1ea1t \u0111\u1ed9ng c\u1ee7a s\u1ea3n ph\u1ea9m thi\u1ebft b\u1ecb ch\u1ed1ng s\u1ed1c \u0111i\u1ec7n c\u00e1ch ly n\u00e0y ch\u1ee7 y\u1ebfu s\u1eed d\u1ee5ng nguy\u00ean l\u00fd \u0111i\u1ec7n v\u00e0 \u0111i\u1ec7n t\u1eed. Khi c\u00e1c thi\u1ebft b\u1ecb \u0111i\u1ec7n ho\u1eb7c \u0111\u01b0\u1eddng d\u00e2y \u0111\u01b0\u1ee3c ng\u00e2m trong n\u01b0\u1edbc, c\u00e1c linh ki\u1ec7n \u0111i\u1ec7n t\u1eed tr\u00ean MCU s\u1ebd xu\u1ea5t t\u00edn hi\u1ec7u cho ch\u00edp x\u1eed l\u00fd, thi\u1ebft b\u1ecb s\u1ebd ngay l\u1eadp t\u1ee9c m\u1edf t\u1ea5m ch\u1eafn v\u00e0 h\u1ea5p th\u1ee5 d\u00f2ng \u0111i\u1ec7n r\u00f2 r\u1ec9, chuy\u1ec3n d\u00f2ng \u0111i\u1ec7n sang \u0111\u01b0\u1eddng PE n\u1ed1i \u0111\u1ea5t v\u00e0 \u0111\u1ea1t \u0111\u01b0\u1ee3c \u0111\u1eb3ng th\u1ebf. \u0110i\u1ec1u n\u00e0y c\u00f3 th\u1ec3 l\u00e0m gi\u1ea3m thi\u1ec7t h\u1ea1i do \u0111i\u1ec7n gi\u1eadt \u0111\u1ed1i v\u1edbi c\u01a1 th\u1ec3 con ng\u01b0\u1eddi.<\/p>\n<p>T\u00cdNH N\u0102NG<br \/>\n1. T\u00ednh n\u0103ng b\u1ea3o v\u1ec7 ch\u1ed1ng r\u00f2 r\u1ec9 \u0111i\u1ec7n<br \/>\nThi\u1ebft b\u1ecb cho ph\u00e9p c\u00e0i \u0111\u1eb7t d\u00f2ng r\u00f2 t\u1ed1i thi\u1ec3u l\u00e0 20mah v\u00e0 t\u1ed1i \u0111a 50mah v\u00e0 khi gi\u00e1 tr\u1ecb d\u00f2ng r\u00f2 \u0111\u1ea1t \u0111\u1ebfn gi\u00e1 tr\u1ecb c\u00e0i \u0111\u1eb7t, thi\u1ebft b\u1ecb s\u1ebd ng\u1eaft d\u00f2ng \u0111\u1ec3 b\u1ea3o v\u1ec7<\/p>\n<p>2. T\u00ednh n\u0103ng b\u1ea3o v\u1ec7 \u0111i\u1ec7n \u00e1p cao, \u0111i\u1ec7n \u00e1p th\u1ea5p<br \/>\nThi\u1ebft b\u1ecb cho ph\u00e9p c\u00e0i \u0111\u1eb7t \u0111i\u1ec7n \u00e1p cao, \u0111i\u1ec7n \u00e1p th\u1ea5p khi \u0111i\u1ec7n \u00e1p \u0111\u1ea1t \u0111\u1ebfn gi\u00e1 tr\u1ecb c\u00e0i \u0111\u1eb7t th\u00ec thi\u1ebft b\u1ecb ng\u1eaft d\u00f2ng b\u1ea3o v\u1ec7<\/p>\n<p>3. B\u1ea3o v\u1ec7 qu\u00e1 t\u1ea3i<br \/>\nThi\u1ebft b\u1ecb cho ph\u00e9p c\u00e0i \u0111\u1eb7t c\u00f4ng su\u1ea5t ph\u00f9 h\u1ee3p v\u1edbi t\u00f9y t\u1eebng gia \u0111inh, c\u00f4ng su\u1ea5t t\u1ed1i \u0111a 63A, khi \u0111\u1ea1t t\u1edbi gi\u00e1 tr\u1ecb c\u00e0i \u0111\u1eb7t thi\u1ebft b\u1ecb s\u1ebd ng\u1eaft d\u00f2ng b\u1ea3o v\u1ec7<\/p>\n<p>4. B\u1ea3o v\u1ec7 thi\u1ebft b\u1ecb ng\u00e2m trong n\u01b0\u1edbc<br \/>\nThi\u1ebft b\u1ecb ch\u1ed1ng r\u00f2 r\u1ec9 \u0111i\u1ec7n trong m\u00f4i tr\u01b0\u1eddng n\u01b0\u1edbc, ch\u1ed1ng s\u1ed1c \u0111i\u1ec7n trong m\u00f4i tr\u01b0\u1eddng n\u01b0\u1edbc<\/p>\n<p>5. C\u1ea3nh b\u00e1o ch\u00e1y<br \/>\nC\u1ea3m bi\u1ebfn nhi\u1ec7t \u0111\u1ed9 v\u00e0 kh\u00f3i, trong tr\u01b0\u1eddng h\u1ee3p nhi\u1ec7t \u0111\u1ed9 v\u00e0 kh\u00f3i t\u0103ng cao thi\u1ebft b\u1ecb s\u1ebd c\u1ea3nh b\u00e1o v\u00e0 ng\u1eaft ngu\u1ed3n \u0111i\u1ec7n gi\u1ea3m thi\u1ec3u ch\u00e1y n\u1ed5 do ch\u1eadp \u0111i\u1ec7n<\/p>\n<p>TH\u00d4NG S\u1ed0 K\u1ef8 THU\u1eacT<br \/>\nM\u00e0n h\u00ecnh hi\u1ec3n th\u1ecb LCD:\u0110i\u1ec7n \u00e1p, d\u00f2ng \u0111i\u1ec7n, nhi\u1ec7t \u0111\u1ed9, c\u00f4ng su\u1ea5t ti\u00eau th\u1ee5<br \/>\nD\u00f2ng \u0111i\u1ec7n m\u1ee9c: 63A<br \/>\nKh\u1ea3 n\u0103ng ph\u00e2n t\u00edch ng\u1eaft m\u1ea1ch: ICS=ICU=6000A(63A)<br \/>\nL\u1edbp b\u1ea3o v\u1ec7 s\u1ea3n h\u1ea9m: IP20<br \/>\nNhi\u1ec7t \u0111\u1ed9 l\u00e0m vi\u1ec7c: -25\u224870\u00b0C<br \/>\nGi\u00e1 tr\u1ecb c\u00e0i \u0111\u1eb7t ch\u1ed1ng s\u1ed1c \u0111i\u1ec7n: 10 \u2013 100MA<br \/>\nC\u00e0i \u0111\u1eb7t c\u00f4ng su\u1ea5t 10A-63A<br \/>\nB\u1ea3o v\u1ec7 \u0111i\u1ec7n \u00e1p th\u1ea5p: 100-200V B\u1ea3o v\u1ec7 qu\u00e1 nhi\u1ec7t: 0-120\u00b0C(c\u00f3 th\u1ec3 c\u00e0i \u0111\u1eb7t th\u00edch h\u1ee3p)<br \/>\nD\u00f2ng \u0111i\u1ec7n b\u1ea3o v\u1ec7 r\u00f2 r\u1ec9: 0,04S<br \/>\nD\u00f2ng \u0111i\u1ec7n b\u1ea3o v\u1ec7 ng\u1eaft m\u1ea1ch: 0,03S<\/p>\n","protected":false},"excerpt":{"rendered":"<p>Thi\u1ebft b\u1ecb ch\u1ed1ng s\u1ed1c \u0111i\u1ec7n c\u00e1ch MD Esafety model HMD 01 s\u1eed d\u1ee5ng cho h\u1ec7 th\u1ed1ng \u0111i\u1ec7n 1 pha, ph\u00f9 h\u1ee3p s\u1eed d\u1ee5ng cho gia \u0111\u00ecnh v\u00e0 h\u1ec7 th\u1ed1ng \u0111i\u1ec7n [&hellip;]<\/p>\n","protected":false},"featured_media":1678,"comment_status":"open","ping_status":"closed","template":"","meta":[],"product_brand":[],"product_cat":[20],"product_tag":[],"class_list":{"0":"post-969","1":"product","2":"type-product","3":"status-publish","4":"has-post-thumbnail","6":"product_cat-bao-ve-dien-giat","8":"first","9":"instock","10":"shipping-taxable","11":"product-type-simple"},"yoast_head":"<!-- This site is optimized with the Yoast SEO plugin v26.0 - https:\/\/yoast.com\/wordpress\/plugins\/seo\/ -->\n<title>Thi\u1ebft b\u1ecb ch\u1ed1ng s\u1ed1c \u0111i\u1ec7n c\u00e1ch ly 1P MD Esafety model HMD 03-1P d\u00f2ng \u0111\u1ecbnh m\u1ee9c 63A - \u0110i\u1ec7n An To\u00e0n MD Esafety<\/title>\n<meta name=\"robots\" content=\"index, follow, max-snippet:-1, max-image-preview:large, max-video-preview:-1\" \/>\n<link rel=\"canonical\" href=\"https:\/\/dienantoanmd.com\/index.php\/san-pham\/thiet-bi-chong-soc-dien-cach-ly-1p-md-esafety-model-hmd-03-1p-dong-dinh-muc-63a-2\/\" \/>\n<meta property=\"og:locale\" content=\"vi_VN\" \/>\n<meta property=\"og:type\" content=\"article\" \/>\n<meta property=\"og:title\" content=\"Thi\u1ebft b\u1ecb ch\u1ed1ng s\u1ed1c \u0111i\u1ec7n c\u00e1ch ly 1P MD Esafety model HMD 03-1P d\u00f2ng \u0111\u1ecbnh m\u1ee9c 63A - \u0110i\u1ec7n An To\u00e0n MD Esafety\" \/>\n<meta property=\"og:description\" content=\"Thi\u1ebft b\u1ecb ch\u1ed1ng s\u1ed1c \u0111i\u1ec7n c\u00e1ch MD Esafety model HMD 01 s\u1eed d\u1ee5ng cho h\u1ec7 th\u1ed1ng \u0111i\u1ec7n 1 pha, ph\u00f9 h\u1ee3p s\u1eed d\u1ee5ng cho gia \u0111\u00ecnh v\u00e0 h\u1ec7 th\u1ed1ng \u0111i\u1ec7n [&hellip;]\" \/>\n<meta property=\"og:url\" content=\"https:\/\/dienantoanmd.com\/index.php\/san-pham\/thiet-bi-chong-soc-dien-cach-ly-1p-md-esafety-model-hmd-03-1p-dong-dinh-muc-63a-2\/\" \/>\n<meta property=\"og:site_name\" content=\"\u0110i\u1ec7n An To\u00e0n MD Esafety\" \/>\n<meta property=\"article:modified_time\" content=\"2025-12-30T09:40:21+00:00\" \/>\n<meta property=\"og:image\" content=\"http:\/\/dienantoanmd.com\/wp-content\/uploads\/2025\/11\/9.png\" \/>\n\t<meta property=\"og:image:width\" content=\"1875\" \/>\n\t<meta property=\"og:image:height\" content=\"1875\" \/>\n\t<meta property=\"og:image:type\" content=\"image\/png\" \/>\n<meta name=\"twitter:card\" content=\"summary_large_image\" \/>\n<meta name=\"twitter:label1\" content=\"\u01af\u1edbc t\u00ednh th\u1eddi gian \u0111\u1ecdc\" \/>\n\t<meta name=\"twitter:data1\" content=\"3 ph\u00fat\" \/>\n<script type=\"application\/ld+json\" class=\"yoast-schema-graph\">{\"@context\":\"https:\/\/schema.org\",\"@graph\":[{\"@type\":\"WebPage\",\"@id\":\"https:\/\/dienantoanmd.com\/index.php\/san-pham\/thiet-bi-chong-soc-dien-cach-ly-1p-md-esafety-model-hmd-03-1p-dong-dinh-muc-63a-2\/\",\"url\":\"https:\/\/dienantoanmd.com\/index.php\/san-pham\/thiet-bi-chong-soc-dien-cach-ly-1p-md-esafety-model-hmd-03-1p-dong-dinh-muc-63a-2\/\",\"name\":\"Thi\u1ebft b\u1ecb ch\u1ed1ng s\u1ed1c \u0111i\u1ec7n c\u00e1ch ly 1P MD Esafety model HMD 03-1P d\u00f2ng \u0111\u1ecbnh m\u1ee9c 63A - \u0110i\u1ec7n An To\u00e0n MD Esafety\",\"isPartOf\":{\"@id\":\"https:\/\/dienantoanmd.com\/#website\"},\"primaryImageOfPage\":{\"@id\":\"https:\/\/dienantoanmd.com\/index.php\/san-pham\/thiet-bi-chong-soc-dien-cach-ly-1p-md-esafety-model-hmd-03-1p-dong-dinh-muc-63a-2\/#primaryimage\"},\"image\":{\"@id\":\"https:\/\/dienantoanmd.com\/index.php\/san-pham\/thiet-bi-chong-soc-dien-cach-ly-1p-md-esafety-model-hmd-03-1p-dong-dinh-muc-63a-2\/#primaryimage\"},\"thumbnailUrl\":\"https:\/\/dienantoanmd.com\/wp-content\/uploads\/2025\/11\/9.png\",\"datePublished\":\"2025-10-05T07:53:25+00:00\",\"dateModified\":\"2025-12-30T09:40:21+00:00\",\"breadcrumb\":{\"@id\":\"https:\/\/dienantoanmd.com\/index.php\/san-pham\/thiet-bi-chong-soc-dien-cach-ly-1p-md-esafety-model-hmd-03-1p-dong-dinh-muc-63a-2\/#breadcrumb\"},\"inLanguage\":\"vi\",\"potentialAction\":[{\"@type\":\"ReadAction\",\"target\":[\"https:\/\/dienantoanmd.com\/index.php\/san-pham\/thiet-bi-chong-soc-dien-cach-ly-1p-md-esafety-model-hmd-03-1p-dong-dinh-muc-63a-2\/\"]}]},{\"@type\":\"ImageObject\",\"inLanguage\":\"vi\",\"@id\":\"https:\/\/dienantoanmd.com\/index.php\/san-pham\/thiet-bi-chong-soc-dien-cach-ly-1p-md-esafety-model-hmd-03-1p-dong-dinh-muc-63a-2\/#primaryimage\",\"url\":\"https:\/\/dienantoanmd.com\/wp-content\/uploads\/2025\/11\/9.png\",\"contentUrl\":\"https:\/\/dienantoanmd.com\/wp-content\/uploads\/2025\/11\/9.png\",\"width\":1875,\"height\":1875},{\"@type\":\"BreadcrumbList\",\"@id\":\"https:\/\/dienantoanmd.com\/index.php\/san-pham\/thiet-bi-chong-soc-dien-cach-ly-1p-md-esafety-model-hmd-03-1p-dong-dinh-muc-63a-2\/#breadcrumb\",\"itemListElement\":[{\"@type\":\"ListItem\",\"position\":1,\"name\":\"Trang ch\u1ee7\",\"item\":\"https:\/\/dienantoanmd.com\/\"},{\"@type\":\"ListItem\",\"position\":2,\"name\":\"Thi\u1ebft B\u1ecb B\u1ea3o V\u1ec7 An To\u00e0n \u0110i\u1ec7n\",\"item\":\"https:\/\/dienantoanmd.com\/index.php\/cua-hang\/\"},{\"@type\":\"ListItem\",\"position\":3,\"name\":\"Thi\u1ebft b\u1ecb ch\u1ed1ng s\u1ed1c \u0111i\u1ec7n c\u00e1ch ly 1P MD Esafety model HMD 03-1P d\u00f2ng \u0111\u1ecbnh m\u1ee9c 63A\"}]},{\"@type\":\"WebSite\",\"@id\":\"https:\/\/dienantoanmd.com\/#website\",\"url\":\"https:\/\/dienantoanmd.com\/\",\"name\":\"\u0110i\u1ec7n An To\u00e0n MD\",\"description\":\"\u0110i\u1ec7n An To\u00e0n MD Vi\u1ec7t Nam \ufe0f Thi\u1ebft b\u1ecb ch\u1ed1ng \u0111i\u1ec7n gi\u1eadt &amp; ch\u00e1y n\u1ed5 B\u1ea3o v\u1ec7 an to\u00e0n L\u1eafp \u0111\u1eb7t v\u00e0 ki\u1ec3m tra t\u1ea1i nh\u00e0 - B\u1ea3o h\u00e0nh 24 th\u00e1ng\",\"publisher\":{\"@id\":\"https:\/\/dienantoanmd.com\/#organization\"},\"potentialAction\":[{\"@type\":\"SearchAction\",\"target\":{\"@type\":\"EntryPoint\",\"urlTemplate\":\"https:\/\/dienantoanmd.com\/?s={search_term_string}\"},\"query-input\":{\"@type\":\"PropertyValueSpecification\",\"valueRequired\":true,\"valueName\":\"search_term_string\"}}],\"inLanguage\":\"vi\"},{\"@type\":\"Organization\",\"@id\":\"https:\/\/dienantoanmd.com\/#organization\",\"name\":\"\u0110i\u1ec7n An To\u00e0n MD\",\"url\":\"https:\/\/dienantoanmd.com\/\",\"logo\":{\"@type\":\"ImageObject\",\"inLanguage\":\"vi\",\"@id\":\"https:\/\/dienantoanmd.com\/#\/schema\/logo\/image\/\",\"url\":\"https:\/\/dienantoanmd.com\/wp-content\/uploads\/2025\/08\/esafety.png\",\"contentUrl\":\"https:\/\/dienantoanmd.com\/wp-content\/uploads\/2025\/08\/esafety.png\",\"width\":200,\"height\":218,\"caption\":\"\u0110i\u1ec7n An To\u00e0n MD\"},\"image\":{\"@id\":\"https:\/\/dienantoanmd.com\/#\/schema\/logo\/image\/\"}}]}<\/script>\n<!-- \/ Yoast SEO plugin. -->","yoast_head_json":{"title":"Thi\u1ebft b\u1ecb ch\u1ed1ng s\u1ed1c \u0111i\u1ec7n c\u00e1ch ly 1P MD Esafety model HMD 03-1P d\u00f2ng \u0111\u1ecbnh m\u1ee9c 63A - \u0110i\u1ec7n An To\u00e0n MD Esafety","robots":{"index":"index","follow":"follow","max-snippet":"max-snippet:-1","max-image-preview":"max-image-preview:large","max-video-preview":"max-video-preview:-1"},"canonical":"https:\/\/dienantoanmd.com\/index.php\/san-pham\/thiet-bi-chong-soc-dien-cach-ly-1p-md-esafety-model-hmd-03-1p-dong-dinh-muc-63a-2\/","og_locale":"vi_VN","og_type":"article","og_title":"Thi\u1ebft b\u1ecb ch\u1ed1ng s\u1ed1c \u0111i\u1ec7n c\u00e1ch ly 1P MD Esafety model HMD 03-1P d\u00f2ng \u0111\u1ecbnh m\u1ee9c 63A - \u0110i\u1ec7n An To\u00e0n MD Esafety","og_description":"Thi\u1ebft b\u1ecb ch\u1ed1ng s\u1ed1c \u0111i\u1ec7n c\u00e1ch MD Esafety model HMD 01 s\u1eed d\u1ee5ng cho h\u1ec7 th\u1ed1ng \u0111i\u1ec7n 1 pha, ph\u00f9 h\u1ee3p s\u1eed d\u1ee5ng cho gia \u0111\u00ecnh v\u00e0 h\u1ec7 th\u1ed1ng \u0111i\u1ec7n [&hellip;]","og_url":"https:\/\/dienantoanmd.com\/index.php\/san-pham\/thiet-bi-chong-soc-dien-cach-ly-1p-md-esafety-model-hmd-03-1p-dong-dinh-muc-63a-2\/","og_site_name":"\u0110i\u1ec7n An To\u00e0n MD Esafety","article_modified_time":"2025-12-30T09:40:21+00:00","og_image":[{"width":1875,"height":1875,"url":"http:\/\/dienantoanmd.com\/wp-content\/uploads\/2025\/11\/9.png","type":"image\/png"}],"twitter_card":"summary_large_image","twitter_misc":{"\u01af\u1edbc t\u00ednh th\u1eddi gian \u0111\u1ecdc":"3 ph\u00fat"},"schema":{"@context":"https:\/\/schema.org","@graph":[{"@type":"WebPage","@id":"https:\/\/dienantoanmd.com\/index.php\/san-pham\/thiet-bi-chong-soc-dien-cach-ly-1p-md-esafety-model-hmd-03-1p-dong-dinh-muc-63a-2\/","url":"https:\/\/dienantoanmd.com\/index.php\/san-pham\/thiet-bi-chong-soc-dien-cach-ly-1p-md-esafety-model-hmd-03-1p-dong-dinh-muc-63a-2\/","name":"Thi\u1ebft b\u1ecb ch\u1ed1ng s\u1ed1c \u0111i\u1ec7n c\u00e1ch ly 1P MD Esafety model HMD 03-1P d\u00f2ng \u0111\u1ecbnh m\u1ee9c 63A - \u0110i\u1ec7n An To\u00e0n MD Esafety","isPartOf":{"@id":"https:\/\/dienantoanmd.com\/#website"},"primaryImageOfPage":{"@id":"https:\/\/dienantoanmd.com\/index.php\/san-pham\/thiet-bi-chong-soc-dien-cach-ly-1p-md-esafety-model-hmd-03-1p-dong-dinh-muc-63a-2\/#primaryimage"},"image":{"@id":"https:\/\/dienantoanmd.com\/index.php\/san-pham\/thiet-bi-chong-soc-dien-cach-ly-1p-md-esafety-model-hmd-03-1p-dong-dinh-muc-63a-2\/#primaryimage"},"thumbnailUrl":"https:\/\/dienantoanmd.com\/wp-content\/uploads\/2025\/11\/9.png","datePublished":"2025-10-05T07:53:25+00:00","dateModified":"2025-12-30T09:40:21+00:00","breadcrumb":{"@id":"https:\/\/dienantoanmd.com\/index.php\/san-pham\/thiet-bi-chong-soc-dien-cach-ly-1p-md-esafety-model-hmd-03-1p-dong-dinh-muc-63a-2\/#breadcrumb"},"inLanguage":"vi","potentialAction":[{"@type":"ReadAction","target":["https:\/\/dienantoanmd.com\/index.php\/san-pham\/thiet-bi-chong-soc-dien-cach-ly-1p-md-esafety-model-hmd-03-1p-dong-dinh-muc-63a-2\/"]}]},{"@type":"ImageObject","inLanguage":"vi","@id":"https:\/\/dienantoanmd.com\/index.php\/san-pham\/thiet-bi-chong-soc-dien-cach-ly-1p-md-esafety-model-hmd-03-1p-dong-dinh-muc-63a-2\/#primaryimage","url":"https:\/\/dienantoanmd.com\/wp-content\/uploads\/2025\/11\/9.png","contentUrl":"https:\/\/dienantoanmd.com\/wp-content\/uploads\/2025\/11\/9.png","width":1875,"height":1875},{"@type":"BreadcrumbList","@id":"https:\/\/dienantoanmd.com\/index.php\/san-pham\/thiet-bi-chong-soc-dien-cach-ly-1p-md-esafety-model-hmd-03-1p-dong-dinh-muc-63a-2\/#breadcrumb","itemListElement":[{"@type":"ListItem","position":1,"name":"Trang ch\u1ee7","item":"https:\/\/dienantoanmd.com\/"},{"@type":"ListItem","position":2,"name":"Thi\u1ebft B\u1ecb B\u1ea3o V\u1ec7 An To\u00e0n \u0110i\u1ec7n","item":"https:\/\/dienantoanmd.com\/index.php\/cua-hang\/"},{"@type":"ListItem","position":3,"name":"Thi\u1ebft b\u1ecb ch\u1ed1ng s\u1ed1c \u0111i\u1ec7n c\u00e1ch ly 1P MD Esafety model HMD 03-1P d\u00f2ng \u0111\u1ecbnh m\u1ee9c 63A"}]},{"@type":"WebSite","@id":"https:\/\/dienantoanmd.com\/#website","url":"https:\/\/dienantoanmd.com\/","name":"\u0110i\u1ec7n An To\u00e0n MD","description":"\u0110i\u1ec7n An To\u00e0n MD Vi\u1ec7t Nam \ufe0f Thi\u1ebft b\u1ecb ch\u1ed1ng \u0111i\u1ec7n gi\u1eadt &amp; ch\u00e1y n\u1ed5 B\u1ea3o v\u1ec7 an to\u00e0n L\u1eafp \u0111\u1eb7t v\u00e0 ki\u1ec3m tra t\u1ea1i nh\u00e0 - B\u1ea3o h\u00e0nh 24 th\u00e1ng","publisher":{"@id":"https:\/\/dienantoanmd.com\/#organization"},"potentialAction":[{"@type":"SearchAction","target":{"@type":"EntryPoint","urlTemplate":"https:\/\/dienantoanmd.com\/?s={search_term_string}"},"query-input":{"@type":"PropertyValueSpecification","valueRequired":true,"valueName":"search_term_string"}}],"inLanguage":"vi"},{"@type":"Organization","@id":"https:\/\/dienantoanmd.com\/#organization","name":"\u0110i\u1ec7n An To\u00e0n MD","url":"https:\/\/dienantoanmd.com\/","logo":{"@type":"ImageObject","inLanguage":"vi","@id":"https:\/\/dienantoanmd.com\/#\/schema\/logo\/image\/","url":"https:\/\/dienantoanmd.com\/wp-content\/uploads\/2025\/08\/esafety.png","contentUrl":"https:\/\/dienantoanmd.com\/wp-content\/uploads\/2025\/08\/esafety.png","width":200,"height":218,"caption":"\u0110i\u1ec7n An To\u00e0n MD"},"image":{"@id":"https:\/\/dienantoanmd.com\/#\/schema\/logo\/image\/"}}]}},"_links":{"self":[{"href":"https:\/\/dienantoanmd.com\/index.php\/wp-json\/wp\/v2\/product\/969","targetHints":{"allow":["GET"]}}],"collection":[{"href":"https:\/\/dienantoanmd.com\/index.php\/wp-json\/wp\/v2\/product"}],"about":[{"href":"https:\/\/dienantoanmd.com\/index.php\/wp-json\/wp\/v2\/types\/product"}],"replies":[{"embeddable":true,"href":"https:\/\/dienantoanmd.com\/index.php\/wp-json\/wp\/v2\/comments?post=969"}],"wp:featuredmedia":[{"embeddable":true,"href":"https:\/\/dienantoanmd.com\/index.php\/wp-json\/wp\/v2\/media\/1678"}],"wp:attachment":[{"href":"https:\/\/dienantoanmd.com\/index.php\/wp-json\/wp\/v2\/media?parent=969"}],"wp:term":[{"taxonomy":"product_brand","embeddable":true,"href":"https:\/\/dienantoanmd.com\/index.php\/wp-json\/wp\/v2\/product_brand?post=969"},{"taxonomy":"product_cat","embeddable":true,"href":"https:\/\/dienantoanmd.com\/index.php\/wp-json\/wp\/v2\/product_cat?post=969"},{"taxonomy":"product_tag","embeddable":true,"href":"https:\/\/dienantoanmd.com\/index.php\/wp-json\/wp\/v2\/product_tag?post=969"}],"curies":[{"name":"wp","href":"https:\/\/api.w.org\/{rel}","templated":true}]}}