{"id":979,"date":"2025-10-05T08:04:09","date_gmt":"2025-10-05T08:04:09","guid":{"rendered":"https:\/\/dienantoanmd.com\/index.php\/san-pham\/thiet-bi-chong-ho-quang-chong-chay-no-tbdthq-01p\/"},"modified":"2025-12-30T09:38:09","modified_gmt":"2025-12-30T09:38:09","slug":"thiet-bi-chong-ho-quang-chong-chay-no-tbdthq-01p","status":"publish","type":"product","link":"https:\/\/dienantoanmd.com\/index.php\/san-pham\/thiet-bi-chong-ho-quang-chong-chay-no-tbdthq-01p\/","title":{"rendered":"Thi\u1ebft b\u1ecb ch\u1ed1ng H\u1ed3 Quang( ch\u1ed1ng ch\u00e1y n\u1ed5) \u2013 TBDTHQ 01P"},"content":{"rendered":"<p>M\u00d4 T\u1ea2 S\u1ea2N PH\u1ea8M<br \/>\nThi\u1ebft b\u1ecb b\u1ea3o v\u1ec7 h\u1ea1n ch\u1ebf d\u00f2ng \u0111i\u1ec7n, ch\u1ed1ng ch\u00e1y \u00e1p d\u1ee5ng c\u00f4ng ngh\u1ec7 \u0111i\u1ec1u khi\u1ec3n h\u1ea1n ch\u1ebf d\u00f2ng \u0111i\u1ec7n nhanh. S\u1ea3n ph\u1ea9m n\u00e0y c\u00f3 th\u1ec3 b\u1ea3o v\u1ec7 ng\u1eafn m\u1ea1ch qu\u00e1 t\u1ea3i v\u00e0 c\u00e1c v\u1ea5n \u0111\u1ec1 kh\u00e1c trong \u0111\u01b0\u1eddng d\u00e2y ph\u00e2n ph\u1ed1i \u0111i\u1ec7n \u00e1p th\u1ea5p, n\u00f3 c\u00f3 th\u1ec3 gi\u1ea3i quy\u1ebft c\u00e1c v\u1ea5n \u0111\u1ec1 v\u1ec1 d\u00f2ng \u0111i\u1ec7n ng\u1eafn m\u1ea1ch qu\u00e1 m\u1ee9c, v\u00e0 th\u1eddi gian c\u1eaft d\u00f2ng \u0111i\u1ec7n ng\u1eafn m\u1ea1ch v\u00e0 c\u1eaft gi\u1ea3m tia h\u1ed3 quang.<\/p>\n<p>Khi s\u1ea3y ra l\u1ed7i ng\u1eafn m\u1ea1ch tr\u00ean \u0111\u01b0\u1eddng d\u00e2y k\u1ebft n\u1ed1i, thi\u1ebft b\u1ecb s\u1ebd b\u1ea3o v\u1ec7 h\u1ea1n ch\u1ebf s\u1ef1 xu\u1ea5t hi\u1ec7n c\u1ee7a d\u00f2ng \u0111i\u1ec7n ng\u1eafn m\u1ea1ch \u1edf t\u1ed1c \u0111\u1ed9 micro gi\u00e2y \u0111\u1ec3 \u0111\u1ea1t \u0111\u01b0\u1ee3c kh\u1ea3 n\u0103ng b\u1ea3o v\u1ec7 v\u00e0 d\u1eadp t\u1eaft h\u1ed3 quang, t\u1eeb \u0111\u00f3 tr\u00e1nh \u0111\u01b0\u1ee3c tai n\u1ea1n ch\u00e1y n\u1ed5 \u0111i\u1ec7n v\u00e0 \u0111\u1ea3m b\u1ea3o an to\u00e0n cho con ng\u01b0\u1eddi v\u00e0 t\u00e0i s\u1ea3n.<\/p>\n<p>T\u00cdNH N\u0102NG<br \/>\n1. B\u1ea3o v\u1ec7 ng\u1eafn m\u1ea1ch<br \/>\nB\u1ea3o v\u1ec7 gi\u00e1m s\u00e1t d\u00f2ng \u0111i\u1ec7n c\u1ee7a \u0111\u01b0\u1eddng d\u00e2y \u0111i\u1ec7n trong th\u1eddi gian th\u1ef1c, khi s\u1ea3y ra l\u1ed7i ng\u1eafn m\u1ea1ch tr\u00ean \u0111\u01b0\u1eddng d\u00e2y, n\u00f3 c\u00f3 th\u1ec3 th\u1ef1c hi\u1ec7n b\u1ea3o v\u1ec7 gi\u1edbi h\u1ea1n d\u00f2ng \u0111i\u1ec7n nhanh ch\u00f3ng trong v\u00f2ng 150 micro gi\u00e2y v\u00e0 g\u1eedi \u0111i \u00e2m thanh v\u00e0 h\u00ecnh \u1ea3nh, t\u00edn hi\u1ec7u b\u00e1o \u0111\u1ed9ng,<\/p>\n<p>2. B\u1ea3o v\u1ec7 qu\u00e1 \u00e1p, th\u1ea5p \u00e1p<br \/>\nKhi d\u00f2ng \u0111i\u1ec7n c\u1ee7a \u0111\u01b0\u1eddng d\u00e2y b\u1ea3o v\u1ec7 qu\u00e1 t\u1ea3i v\u00e0 th\u1eddi gian qu\u00e1 t\u1ea3i v\u01b0\u1ee3t qu\u00e1 th\u1eddi gian ho\u1ea1t \u0111\u1ed9ng c\u00f3 th\u1ec3 \u0111\u1eb7t (3-60S) thi\u1ebft b\u1ecb s\u1ebd b\u1eaft \u0111\u1ea7u b\u1ea3o v\u1ec7 gi\u1edbi h\u1ea1n d\u00f2ng \u0111i\u1ec7n v\u00e0 g\u1eedi t\u00edn hi\u1ec7u c\u1ea3nh b\u00e1o b\u1eb1ng \u00e2m thanh<\/p>\n<p>3. Ch\u1ee9c n\u0103ng b\u1ea3o v\u1ec7 qu\u00e1 nhi\u1ec7t<br \/>\nKhi nhi\u1ec7t \u0111\u1ed9 m\u00f4i tr\u01b0\u1eddng l\u00e0m vi\u1ec7c c\u1ee7a thi\u1ebft b\u1ecb ho\u1eb7c nhi\u1ec7t \u0111\u1ed9 c\u1ee7a c\u00e1c b\u1ed9 ph\u1eadn b\u00ean trong c\u1ee7a thi\u1ebft b\u1ecb v\u01b0\u1ee3t qua gi\u00e1 tr\u1ecb c\u00e0i \u0111\u1eb7t, th\u00ec thi\u1ebft b\u1ecb th\u1ef1c hi\u1ec7n ch\u1ee9c n\u0103ng b\u1ea3o v\u1ec7 qu\u00e1 nhi\u1ec7t, tr\u00e1nh h\u01b0 h\u1ecfng thi\u1ebft b\u1ecb<\/p>\n<p>4. Ch\u1ee9c n\u0103ng b\u1ea3o v\u1ec7 qu\u00e1 \u00e1p, th\u1ea5p \u00e1p<br \/>\nKhi thi\u1ebft b\u1ecb ph\u00e1t hi\u1ec7n \u0111i\u1ec7n \u00e1p cao, \u0111i\u1ec7n \u00e1p th\u1ea5p ho\u1eb7c \u0111i\u1ec7n \u00e1p th\u1ea5p c\u1ee7a \u0111i\u1ec7n \u00e1p \u0111\u01b0\u1eddng d\u00e2y, thi\u1ebft b\u1ecb s\u1ebd ph\u00e1t ra c\u1ea3nh b\u00e1o b\u1eb1ng \u00e2m thanh, v\u00e0 h\u00ecnh \u1ea3nh \u0111\u1ed3ng th\u1eddi c\u00f3 th\u1ec3 xem c\u00f3 k\u00edch ho\u1ea1t b\u1ea3o v\u1ec7 gi\u1edbi h\u1ea1n d\u00f2ng \u0111i\u1ec7n hay kh\u00f4ng?<\/p>\n<p>5. Ch\u1ee9c n\u0103ng gi\u00e1m s\u00e1t d\u00f2ng \u0111i\u1ec7n r\u00f2 r\u1ec9.<br \/>\nKhi thi\u1ebft b\u1ecb ph\u00e1t hi\u1ec7n ra r\u00f2 r\u1ec9 \u0111i\u1ec7n c\u1ee7a \u0111\u01b0\u1eddng d\u00e2y v\u01b0\u1ee3t qua gi\u00e1 tr\u1ecb c\u00e0i \u0111\u1eb7t, thi\u1ebft b\u1ecb s\u1ebd g\u1eedi t\u00edn hi\u1ec7u c\u1ea3nh b\u00e1o b\u1eb1ng \u00e2m thanh v\u00e0 h\u00ecnh \u1ea3nh<\/p>\n<p>TH\u00d4NG S\u1ed0 K\u1ef8 THU\u1eacT<br \/>\n\u0110i\u1ec7n \u00e1p \u0111\u1ea7u ra AC 85~265V. 45~65Hz<br \/>\nTi\u00eau th\u1ee5 \u0111i\u1ec7n n\u0103ng \u22645VA<br \/>\n\u0110i\u1ec7n l\u01b0u \u0111\u1ecbnh m\u1ee9c 63A<br \/>\nTh\u1eddi gian b\u1ea3o v\u1ec1 ng\u1eafn m\u1ea1ch &lt;150\u00b5s<br \/>\nB\u1ea3o v\u1ec7 qu\u00e1 t\u1ea3i Ph\u1ea1m vi ho\u1ea1t \u0111\u1ed9ng 110%~140%<br \/>\nTh\u1eddi gian d\u1eebng ho\u1ea1t \u0111\u1ed9ng 3~60s<br \/>\nQu\u00e1 \u00e1p Ph\u1ea1m vi ho\u1ea1t \u0111\u1ed9ng 100%~120<br \/>\nTh\u1eddi gian d\u1eebng ho\u1ea1t \u0111\u1ed9ng 0~60s<br \/>\nThi\u1ebfu \u00e1p Ph\u1ea1m vi ho\u1ea1t \u0111\u1ed9ng 60%~100<br \/>\nTh\u1eddi gian d\u1eebng ho\u1ea1t \u0111\u1ed9ng 0~60s<br \/>\nGi\u00e1m s\u00e1t c\u00e0i \u0111\u1eb7t c\u1ea3nh b\u00e1o Ph\u1ea1m vi ho\u1ea1t \u0111\u1ed9ng 60%~100%<br \/>\nTh\u1eddi gian d\u1eebng ho\u1ea1t \u0111\u1ed9ng 0~60s<br \/>\nPh\u1ea1m vi gi\u00e1m s\u00e1t r\u00f2 \u0111i\u1ec7n 20-1000mA( \u0111\u1ed9 ch\u00ednh x\u00e1c \u00b12% ho\u1eb7c \u00b15mA<br \/>\nThi\u1ebft l\u1eadp c\u00e1nh b\u00e1o Ph\u1ea1m vi th\u1eddi gian 0~60s<br \/>\nGhi nh\u1edb s\u1ef1 c\u1ed1 20 b\u1ea3n ghi, ( lo\u1ea1i l\u1ed7i, th\u1eddi gian l\u1ed7i)<br \/>\nC\u1ea3nh b\u00e1o C\u1ea3nh b\u00e1o b\u1eb1ng \u00e2m thanh v\u00e0 \u00e1nh s\u00e1ng, c\u00f3 n\u00fat t\u1eaft<br \/>\nPh\u01b0\u01a1ng th\u1ee9c truy\u1ec1n tin 4 G, RS485 1 k\u00eanh, Modbus-RTU<\/p>\n","protected":false},"excerpt":{"rendered":"<p>M\u00d4 T\u1ea2 S\u1ea2N PH\u1ea8M Thi\u1ebft b\u1ecb b\u1ea3o v\u1ec7 h\u1ea1n ch\u1ebf d\u00f2ng \u0111i\u1ec7n, ch\u1ed1ng ch\u00e1y \u00e1p d\u1ee5ng c\u00f4ng ngh\u1ec7 \u0111i\u1ec1u khi\u1ec3n h\u1ea1n ch\u1ebf d\u00f2ng \u0111i\u1ec7n nhanh. S\u1ea3n ph\u1ea9m n\u00e0y c\u00f3 th\u1ec3 [&hellip;]<\/p>\n","protected":false},"featured_media":1681,"comment_status":"open","ping_status":"closed","template":"","meta":[],"product_brand":[],"product_cat":[35],"product_tag":[],"class_list":{"0":"post-979","1":"product","2":"type-product","3":"status-publish","4":"has-post-thumbnail","6":"product_cat-bao-ve-chap-chay","8":"first","9":"instock","10":"shipping-taxable","11":"product-type-simple"},"yoast_head":"<!-- This site is optimized with the Yoast SEO plugin v26.0 - https:\/\/yoast.com\/wordpress\/plugins\/seo\/ -->\n<title>Thi\u1ebft b\u1ecb ch\u1ed1ng H\u1ed3 Quang( ch\u1ed1ng ch\u00e1y n\u1ed5) \u2013 TBDTHQ 01P - \u0110i\u1ec7n An To\u00e0n MD Esafety<\/title>\n<meta name=\"robots\" content=\"index, follow, max-snippet:-1, max-image-preview:large, max-video-preview:-1\" \/>\n<link rel=\"canonical\" href=\"https:\/\/dienantoanmd.com\/index.php\/san-pham\/thiet-bi-chong-ho-quang-chong-chay-no-tbdthq-01p\/\" \/>\n<meta property=\"og:locale\" content=\"vi_VN\" \/>\n<meta property=\"og:type\" content=\"article\" \/>\n<meta property=\"og:title\" content=\"Thi\u1ebft b\u1ecb ch\u1ed1ng H\u1ed3 Quang( ch\u1ed1ng ch\u00e1y n\u1ed5) \u2013 TBDTHQ 01P - \u0110i\u1ec7n An To\u00e0n MD Esafety\" \/>\n<meta property=\"og:description\" content=\"M\u00d4 T\u1ea2 S\u1ea2N PH\u1ea8M Thi\u1ebft b\u1ecb b\u1ea3o v\u1ec7 h\u1ea1n ch\u1ebf d\u00f2ng \u0111i\u1ec7n, ch\u1ed1ng ch\u00e1y \u00e1p d\u1ee5ng c\u00f4ng ngh\u1ec7 \u0111i\u1ec1u khi\u1ec3n h\u1ea1n ch\u1ebf d\u00f2ng \u0111i\u1ec7n nhanh. S\u1ea3n ph\u1ea9m n\u00e0y c\u00f3 th\u1ec3 [&hellip;]\" \/>\n<meta property=\"og:url\" content=\"https:\/\/dienantoanmd.com\/index.php\/san-pham\/thiet-bi-chong-ho-quang-chong-chay-no-tbdthq-01p\/\" \/>\n<meta property=\"og:site_name\" content=\"\u0110i\u1ec7n An To\u00e0n MD Esafety\" \/>\n<meta property=\"article:modified_time\" content=\"2025-12-30T09:38:09+00:00\" \/>\n<meta property=\"og:image\" content=\"http:\/\/dienantoanmd.com\/wp-content\/uploads\/2025\/11\/12.png\" \/>\n\t<meta property=\"og:image:width\" content=\"1875\" \/>\n\t<meta property=\"og:image:height\" content=\"1875\" \/>\n\t<meta property=\"og:image:type\" content=\"image\/png\" \/>\n<meta name=\"twitter:card\" content=\"summary_large_image\" \/>\n<meta name=\"twitter:label1\" content=\"\u01af\u1edbc t\u00ednh th\u1eddi gian \u0111\u1ecdc\" \/>\n\t<meta name=\"twitter:data1\" content=\"3 ph\u00fat\" \/>\n<script type=\"application\/ld+json\" class=\"yoast-schema-graph\">{\"@context\":\"https:\/\/schema.org\",\"@graph\":[{\"@type\":\"WebPage\",\"@id\":\"https:\/\/dienantoanmd.com\/index.php\/san-pham\/thiet-bi-chong-ho-quang-chong-chay-no-tbdthq-01p\/\",\"url\":\"https:\/\/dienantoanmd.com\/index.php\/san-pham\/thiet-bi-chong-ho-quang-chong-chay-no-tbdthq-01p\/\",\"name\":\"Thi\u1ebft b\u1ecb ch\u1ed1ng H\u1ed3 Quang( ch\u1ed1ng ch\u00e1y n\u1ed5) \u2013 TBDTHQ 01P - \u0110i\u1ec7n An To\u00e0n MD Esafety\",\"isPartOf\":{\"@id\":\"https:\/\/dienantoanmd.com\/#website\"},\"primaryImageOfPage\":{\"@id\":\"https:\/\/dienantoanmd.com\/index.php\/san-pham\/thiet-bi-chong-ho-quang-chong-chay-no-tbdthq-01p\/#primaryimage\"},\"image\":{\"@id\":\"https:\/\/dienantoanmd.com\/index.php\/san-pham\/thiet-bi-chong-ho-quang-chong-chay-no-tbdthq-01p\/#primaryimage\"},\"thumbnailUrl\":\"https:\/\/dienantoanmd.com\/wp-content\/uploads\/2025\/11\/12.png\",\"datePublished\":\"2025-10-05T08:04:09+00:00\",\"dateModified\":\"2025-12-30T09:38:09+00:00\",\"breadcrumb\":{\"@id\":\"https:\/\/dienantoanmd.com\/index.php\/san-pham\/thiet-bi-chong-ho-quang-chong-chay-no-tbdthq-01p\/#breadcrumb\"},\"inLanguage\":\"vi\",\"potentialAction\":[{\"@type\":\"ReadAction\",\"target\":[\"https:\/\/dienantoanmd.com\/index.php\/san-pham\/thiet-bi-chong-ho-quang-chong-chay-no-tbdthq-01p\/\"]}]},{\"@type\":\"ImageObject\",\"inLanguage\":\"vi\",\"@id\":\"https:\/\/dienantoanmd.com\/index.php\/san-pham\/thiet-bi-chong-ho-quang-chong-chay-no-tbdthq-01p\/#primaryimage\",\"url\":\"https:\/\/dienantoanmd.com\/wp-content\/uploads\/2025\/11\/12.png\",\"contentUrl\":\"https:\/\/dienantoanmd.com\/wp-content\/uploads\/2025\/11\/12.png\",\"width\":1875,\"height\":1875},{\"@type\":\"BreadcrumbList\",\"@id\":\"https:\/\/dienantoanmd.com\/index.php\/san-pham\/thiet-bi-chong-ho-quang-chong-chay-no-tbdthq-01p\/#breadcrumb\",\"itemListElement\":[{\"@type\":\"ListItem\",\"position\":1,\"name\":\"Trang ch\u1ee7\",\"item\":\"https:\/\/dienantoanmd.com\/\"},{\"@type\":\"ListItem\",\"position\":2,\"name\":\"Thi\u1ebft B\u1ecb B\u1ea3o V\u1ec7 An To\u00e0n \u0110i\u1ec7n\",\"item\":\"https:\/\/dienantoanmd.com\/index.php\/cua-hang\/\"},{\"@type\":\"ListItem\",\"position\":3,\"name\":\"Thi\u1ebft b\u1ecb ch\u1ed1ng H\u1ed3 Quang( ch\u1ed1ng ch\u00e1y n\u1ed5) \u2013 TBDTHQ 01P\"}]},{\"@type\":\"WebSite\",\"@id\":\"https:\/\/dienantoanmd.com\/#website\",\"url\":\"https:\/\/dienantoanmd.com\/\",\"name\":\"\u0110i\u1ec7n An To\u00e0n MD\",\"description\":\"\u0110i\u1ec7n An To\u00e0n MD Vi\u1ec7t Nam \ufe0f Thi\u1ebft b\u1ecb ch\u1ed1ng \u0111i\u1ec7n gi\u1eadt &amp; ch\u00e1y n\u1ed5 B\u1ea3o v\u1ec7 an to\u00e0n L\u1eafp \u0111\u1eb7t v\u00e0 ki\u1ec3m tra t\u1ea1i nh\u00e0 - B\u1ea3o h\u00e0nh 24 th\u00e1ng\",\"publisher\":{\"@id\":\"https:\/\/dienantoanmd.com\/#organization\"},\"potentialAction\":[{\"@type\":\"SearchAction\",\"target\":{\"@type\":\"EntryPoint\",\"urlTemplate\":\"https:\/\/dienantoanmd.com\/?s={search_term_string}\"},\"query-input\":{\"@type\":\"PropertyValueSpecification\",\"valueRequired\":true,\"valueName\":\"search_term_string\"}}],\"inLanguage\":\"vi\"},{\"@type\":\"Organization\",\"@id\":\"https:\/\/dienantoanmd.com\/#organization\",\"name\":\"\u0110i\u1ec7n An To\u00e0n MD\",\"url\":\"https:\/\/dienantoanmd.com\/\",\"logo\":{\"@type\":\"ImageObject\",\"inLanguage\":\"vi\",\"@id\":\"https:\/\/dienantoanmd.com\/#\/schema\/logo\/image\/\",\"url\":\"https:\/\/dienantoanmd.com\/wp-content\/uploads\/2025\/08\/esafety.png\",\"contentUrl\":\"https:\/\/dienantoanmd.com\/wp-content\/uploads\/2025\/08\/esafety.png\",\"width\":200,\"height\":218,\"caption\":\"\u0110i\u1ec7n An To\u00e0n MD\"},\"image\":{\"@id\":\"https:\/\/dienantoanmd.com\/#\/schema\/logo\/image\/\"}}]}<\/script>\n<!-- \/ Yoast SEO plugin. -->","yoast_head_json":{"title":"Thi\u1ebft b\u1ecb ch\u1ed1ng H\u1ed3 Quang( ch\u1ed1ng ch\u00e1y n\u1ed5) \u2013 TBDTHQ 01P - \u0110i\u1ec7n An To\u00e0n MD Esafety","robots":{"index":"index","follow":"follow","max-snippet":"max-snippet:-1","max-image-preview":"max-image-preview:large","max-video-preview":"max-video-preview:-1"},"canonical":"https:\/\/dienantoanmd.com\/index.php\/san-pham\/thiet-bi-chong-ho-quang-chong-chay-no-tbdthq-01p\/","og_locale":"vi_VN","og_type":"article","og_title":"Thi\u1ebft b\u1ecb ch\u1ed1ng H\u1ed3 Quang( ch\u1ed1ng ch\u00e1y n\u1ed5) \u2013 TBDTHQ 01P - \u0110i\u1ec7n An To\u00e0n MD Esafety","og_description":"M\u00d4 T\u1ea2 S\u1ea2N PH\u1ea8M Thi\u1ebft b\u1ecb b\u1ea3o v\u1ec7 h\u1ea1n ch\u1ebf d\u00f2ng \u0111i\u1ec7n, ch\u1ed1ng ch\u00e1y \u00e1p d\u1ee5ng c\u00f4ng ngh\u1ec7 \u0111i\u1ec1u khi\u1ec3n h\u1ea1n ch\u1ebf d\u00f2ng \u0111i\u1ec7n nhanh. S\u1ea3n ph\u1ea9m n\u00e0y c\u00f3 th\u1ec3 [&hellip;]","og_url":"https:\/\/dienantoanmd.com\/index.php\/san-pham\/thiet-bi-chong-ho-quang-chong-chay-no-tbdthq-01p\/","og_site_name":"\u0110i\u1ec7n An To\u00e0n MD Esafety","article_modified_time":"2025-12-30T09:38:09+00:00","og_image":[{"width":1875,"height":1875,"url":"http:\/\/dienantoanmd.com\/wp-content\/uploads\/2025\/11\/12.png","type":"image\/png"}],"twitter_card":"summary_large_image","twitter_misc":{"\u01af\u1edbc t\u00ednh th\u1eddi gian \u0111\u1ecdc":"3 ph\u00fat"},"schema":{"@context":"https:\/\/schema.org","@graph":[{"@type":"WebPage","@id":"https:\/\/dienantoanmd.com\/index.php\/san-pham\/thiet-bi-chong-ho-quang-chong-chay-no-tbdthq-01p\/","url":"https:\/\/dienantoanmd.com\/index.php\/san-pham\/thiet-bi-chong-ho-quang-chong-chay-no-tbdthq-01p\/","name":"Thi\u1ebft b\u1ecb ch\u1ed1ng H\u1ed3 Quang( ch\u1ed1ng ch\u00e1y n\u1ed5) \u2013 TBDTHQ 01P - \u0110i\u1ec7n An To\u00e0n MD Esafety","isPartOf":{"@id":"https:\/\/dienantoanmd.com\/#website"},"primaryImageOfPage":{"@id":"https:\/\/dienantoanmd.com\/index.php\/san-pham\/thiet-bi-chong-ho-quang-chong-chay-no-tbdthq-01p\/#primaryimage"},"image":{"@id":"https:\/\/dienantoanmd.com\/index.php\/san-pham\/thiet-bi-chong-ho-quang-chong-chay-no-tbdthq-01p\/#primaryimage"},"thumbnailUrl":"https:\/\/dienantoanmd.com\/wp-content\/uploads\/2025\/11\/12.png","datePublished":"2025-10-05T08:04:09+00:00","dateModified":"2025-12-30T09:38:09+00:00","breadcrumb":{"@id":"https:\/\/dienantoanmd.com\/index.php\/san-pham\/thiet-bi-chong-ho-quang-chong-chay-no-tbdthq-01p\/#breadcrumb"},"inLanguage":"vi","potentialAction":[{"@type":"ReadAction","target":["https:\/\/dienantoanmd.com\/index.php\/san-pham\/thiet-bi-chong-ho-quang-chong-chay-no-tbdthq-01p\/"]}]},{"@type":"ImageObject","inLanguage":"vi","@id":"https:\/\/dienantoanmd.com\/index.php\/san-pham\/thiet-bi-chong-ho-quang-chong-chay-no-tbdthq-01p\/#primaryimage","url":"https:\/\/dienantoanmd.com\/wp-content\/uploads\/2025\/11\/12.png","contentUrl":"https:\/\/dienantoanmd.com\/wp-content\/uploads\/2025\/11\/12.png","width":1875,"height":1875},{"@type":"BreadcrumbList","@id":"https:\/\/dienantoanmd.com\/index.php\/san-pham\/thiet-bi-chong-ho-quang-chong-chay-no-tbdthq-01p\/#breadcrumb","itemListElement":[{"@type":"ListItem","position":1,"name":"Trang ch\u1ee7","item":"https:\/\/dienantoanmd.com\/"},{"@type":"ListItem","position":2,"name":"Thi\u1ebft B\u1ecb B\u1ea3o V\u1ec7 An To\u00e0n \u0110i\u1ec7n","item":"https:\/\/dienantoanmd.com\/index.php\/cua-hang\/"},{"@type":"ListItem","position":3,"name":"Thi\u1ebft b\u1ecb ch\u1ed1ng H\u1ed3 Quang( ch\u1ed1ng ch\u00e1y n\u1ed5) \u2013 TBDTHQ 01P"}]},{"@type":"WebSite","@id":"https:\/\/dienantoanmd.com\/#website","url":"https:\/\/dienantoanmd.com\/","name":"\u0110i\u1ec7n An To\u00e0n MD","description":"\u0110i\u1ec7n An To\u00e0n MD Vi\u1ec7t Nam \ufe0f Thi\u1ebft b\u1ecb ch\u1ed1ng \u0111i\u1ec7n gi\u1eadt &amp; ch\u00e1y n\u1ed5 B\u1ea3o v\u1ec7 an to\u00e0n L\u1eafp \u0111\u1eb7t v\u00e0 ki\u1ec3m tra t\u1ea1i nh\u00e0 - B\u1ea3o h\u00e0nh 24 th\u00e1ng","publisher":{"@id":"https:\/\/dienantoanmd.com\/#organization"},"potentialAction":[{"@type":"SearchAction","target":{"@type":"EntryPoint","urlTemplate":"https:\/\/dienantoanmd.com\/?s={search_term_string}"},"query-input":{"@type":"PropertyValueSpecification","valueRequired":true,"valueName":"search_term_string"}}],"inLanguage":"vi"},{"@type":"Organization","@id":"https:\/\/dienantoanmd.com\/#organization","name":"\u0110i\u1ec7n An To\u00e0n MD","url":"https:\/\/dienantoanmd.com\/","logo":{"@type":"ImageObject","inLanguage":"vi","@id":"https:\/\/dienantoanmd.com\/#\/schema\/logo\/image\/","url":"https:\/\/dienantoanmd.com\/wp-content\/uploads\/2025\/08\/esafety.png","contentUrl":"https:\/\/dienantoanmd.com\/wp-content\/uploads\/2025\/08\/esafety.png","width":200,"height":218,"caption":"\u0110i\u1ec7n An To\u00e0n MD"},"image":{"@id":"https:\/\/dienantoanmd.com\/#\/schema\/logo\/image\/"}}]}},"_links":{"self":[{"href":"https:\/\/dienantoanmd.com\/index.php\/wp-json\/wp\/v2\/product\/979","targetHints":{"allow":["GET"]}}],"collection":[{"href":"https:\/\/dienantoanmd.com\/index.php\/wp-json\/wp\/v2\/product"}],"about":[{"href":"https:\/\/dienantoanmd.com\/index.php\/wp-json\/wp\/v2\/types\/product"}],"replies":[{"embeddable":true,"href":"https:\/\/dienantoanmd.com\/index.php\/wp-json\/wp\/v2\/comments?post=979"}],"wp:featuredmedia":[{"embeddable":true,"href":"https:\/\/dienantoanmd.com\/index.php\/wp-json\/wp\/v2\/media\/1681"}],"wp:attachment":[{"href":"https:\/\/dienantoanmd.com\/index.php\/wp-json\/wp\/v2\/media?parent=979"}],"wp:term":[{"taxonomy":"product_brand","embeddable":true,"href":"https:\/\/dienantoanmd.com\/index.php\/wp-json\/wp\/v2\/product_brand?post=979"},{"taxonomy":"product_cat","embeddable":true,"href":"https:\/\/dienantoanmd.com\/index.php\/wp-json\/wp\/v2\/product_cat?post=979"},{"taxonomy":"product_tag","embeddable":true,"href":"https:\/\/dienantoanmd.com\/index.php\/wp-json\/wp\/v2\/product_tag?post=979"}],"curies":[{"name":"wp","href":"https:\/\/api.w.org\/{rel}","templated":true}]}}